{"id":177,"date":"2026-01-23T05:23:46","date_gmt":"2026-01-23T05:23:46","guid":{"rendered":"https:\/\/inpc.com.vn\/?page_id=177"},"modified":"2026-03-09T03:49:04","modified_gmt":"2026-03-09T03:49:04","slug":"nhom","status":"publish","type":"page","link":"https:\/\/inpc.com.vn\/?page_id=177&lang=vi","title":{"rendered":"Nhan su"},"content":{"rendered":"\t\t<div data-elementor-type=\"wp-page\" data-elementor-id=\"177\" class=\"elementor elementor-177\">\n\t\t\t\t<div class=\"elementor-element elementor-element-335052a8 e-con-full e-flex e-con e-parent\" data-id=\"335052a8\" data-element_type=\"container\">\n\t\t\t\t<div class=\"elementor-element elementor-element-47321c48 cpel-switcher--align-right elementor-absolute cpel-switcher--layout-horizontal cpel-switcher--aspect-ratio-43 elementor-widget elementor-widget-polylang-language-switcher\" data-id=\"47321c48\" data-element_type=\"widget\" data-settings=\"{&quot;_position&quot;:&quot;absolute&quot;}\" data-widget_type=\"polylang-language-switcher.default\">\n\t\t\t\t<div class=\"elementor-widget-container\">\n\t\t\t\t\t<nav class=\"cpel-switcher__nav\"><ul class=\"cpel-switcher__list\"><li class=\"cpel-switcher__lang\"><a lang=\"en-GB\" hreflang=\"en-GB\" href=\"https:\/\/inpc.com.vn\/?page_id=172\"><span class=\"cpel-switcher__flag cpel-switcher__flag--gb\"><img decoding=\"async\" src=\"data:image\/svg+xml;base64,PHN2ZyB3aWR0aD0iMjEiIGhlaWdodD0iMTUiIHhtbG5zPSJodHRwOi8vd3d3LnczLm9yZy8yMDAwL3N2ZyI+PGRlZnM+PGxpbmVhckdyYWRpZW50IHgxPSI1MCUiIHkxPSIwJSIgeDI9IjUwJSIgeTI9IjEwMCUiIGlkPSJhIj48c3RvcCBzdG9wLWNvbG9yPSIjRkZGIiBvZmZzZXQ9IjAlIi8+PHN0b3Agc3RvcC1jb2xvcj0iI0YwRjBGMCIgb2Zmc2V0PSIxMDAlIi8+PC9saW5lYXJHcmFkaWVudD48bGluZWFyR3JhZGllbnQgeDE9IjUwJSIgeTE9IjAlIiB4Mj0iNTAlIiB5Mj0iMTAwJSIgaWQ9ImIiPjxzdG9wIHN0b3AtY29sb3I9IiMwQTE3QTciIG9mZnNldD0iMCUiLz48c3RvcCBzdG9wLWNvbG9yPSIjMDMwRTg4IiBvZmZzZXQ9IjEwMCUiLz48L2xpbmVhckdyYWRpZW50PjxsaW5lYXJHcmFkaWVudCB4MT0iNTAlIiB5MT0iMCUiIHgyPSI1MCUiIHkyPSIxMDAlIiBpZD0iYyI+PHN0b3Agc3RvcC1jb2xvcj0iI0U2MjczRSIgb2Zmc2V0PSIwJSIvPjxzdG9wIHN0b3AtY29sb3I9IiNDRjE1MkIiIG9mZnNldD0iMTAwJSIvPjwvbGluZWFyR3JhZGllbnQ+PC9kZWZzPjxnIGZpbGw9Im5vbmUiIGZpbGwtcnVsZT0iZXZlbm9kZCI+PHBhdGggZmlsbD0idXJsKCNhKSIgZD0iTTAgMGgyMXYxNUgweiIvPjxwYXRoIGZpbGw9InVybCgjYikiIGQ9Ik0tLjAwMiAwaDIxdjE1aC0yMXoiLz48cGF0aCBkPSJNNS4wMDMgMTBILS4wMDJWNWg1LjAwNUwtMi4wODIuMjJsMS4xMTgtMS42NTcgOC45NjIgNi4wNDVWLTFoNXY1LjYwOGw4Ljk2Mi02LjA0NUwyMy4wNzguMjIgMTUuOTkzIDVoNS4wMDV2NWgtNS4wMDVsNy4wODUgNC43OC0xLjExOCAxLjY1Ny04Ljk2Mi02LjA0NVYxNmgtNXYtNS42MDhsLTguOTYyIDYuMDQ1LTEuMTE4LTEuNjU4TDUuMDAzIDEweiIgZmlsbD0idXJsKCNhKSIvPjxwYXRoIGQ9Ik0xNC4xMzYgNC45NThsOS41LTYuMjVhLjI1LjI1IDAgMDAtLjI3NS0uNDE3bC05LjUgNi4yNWEuMjUuMjUgMCAxMC4yNzUuNDE3em0uNzMyIDUuNTIybDguNTE1IDUuNzRhLjI1LjI1IDAgMTAuMjgtLjQxNWwtOC41MTYtNS43NGEuMjUuMjUgMCAwMC0uMjc5LjQxNXpNNi4xNDIgNC41MjZMLTIuNzQtMS40NjFhLjI1LjI1IDAgMDAtLjI4LjQxNUw1Ljg2MyA0Ljk0YS4yNS4yNSAwIDAwLjI3OS0uNDE0em0uNjg1IDUuNDY5bC05Ljg0NSA2LjUzYS4yNS4yNSAwIDEwLjI3Ni40MTZsOS44NDYtNi41MjlhLjI1LjI1IDAgMDAtLjI3Ny0uNDE3eiIgZmlsbD0iI0RCMUYzNSIgZmlsbC1ydWxlPSJub256ZXJvIi8+PHBhdGggZmlsbD0idXJsKCNjKSIgZD0iTS0uMDAyIDloOXY2aDNWOWg5VjZoLTlWMGgtM3Y2aC05eiIvPjwvZz48L3N2Zz4=\" alt=\"English\" \/><\/span><span class=\"cpel-switcher__code\">EN<\/span><\/a><\/li><li class=\"cpel-switcher__lang\"><a lang=\"vi\" hreflang=\"vi\" href=\"https:\/\/inpc.com.vn\/?page_id=177&#038;lang=vi\"><span class=\"cpel-switcher__flag cpel-switcher__flag--vn\"><img decoding=\"async\" src=\"data:image\/svg+xml;base64,PHN2ZyB3aWR0aD0iMjEiIGhlaWdodD0iMTUiIHhtbG5zPSJodHRwOi8vd3d3LnczLm9yZy8yMDAwL3N2ZyI+PGRlZnM+PGxpbmVhckdyYWRpZW50IHgxPSI1MCUiIHkxPSIwJSIgeDI9IjUwJSIgeTI9IjEwMCUiIGlkPSJhIj48c3RvcCBzdG9wLWNvbG9yPSIjRkZGIiBvZmZzZXQ9IjAlIi8+PHN0b3Agc3RvcC1jb2xvcj0iI0YwRjBGMCIgb2Zmc2V0PSIxMDAlIi8+PC9saW5lYXJHcmFkaWVudD48bGluZWFyR3JhZGllbnQgeDE9IjUwJSIgeTE9IjAlIiB4Mj0iNTAlIiB5Mj0iMTAwJSIgaWQ9ImIiPjxzdG9wIHN0b3AtY29sb3I9IiNFQTQwM0YiIG9mZnNldD0iMCUiLz48c3RvcCBzdG9wLWNvbG9yPSIjRDgyODI3IiBvZmZzZXQ9IjEwMCUiLz48L2xpbmVhckdyYWRpZW50PjxsaW5lYXJHcmFkaWVudCB4MT0iNTAlIiB5MT0iMCUiIHgyPSI1MCUiIHkyPSIxMDAlIiBpZD0iYyI+PHN0b3Agc3RvcC1jb2xvcj0iI0ZGRkU0RSIgb2Zmc2V0PSIwJSIvPjxzdG9wIHN0b3AtY29sb3I9IiNGRkZFMzgiIG9mZnNldD0iMTAwJSIvPjwvbGluZWFyR3JhZGllbnQ+PC9kZWZzPjxnIGZpbGw9Im5vbmUiIGZpbGwtcnVsZT0iZXZlbm9kZCI+PHBhdGggZmlsbD0idXJsKCNhKSIgZD0iTTAgMGgyMXYxNUgweiIvPjxwYXRoIGZpbGw9InVybCgjYikiIGQ9Ik0wIDBoMjF2MTVIMHoiLz48cGF0aCBmaWxsPSJ1cmwoI2MpIiBkPSJNMTAuNSA5LjI1NWwtMi42NDUgMS44ODYuOTc2LTMuMDk5TDYuMjIgNi4xMWwzLjI0Ny0uMDI5TDEwLjUgM2wxLjAzMiAzLjA4IDMuMjQ4LjAzLTIuNjEgMS45MzIuOTc1IDMuMDk5eiIvPjwvZz48L3N2Zz4=\" alt=\"Ti\u1ebfng Vi\u1ec7t\" \/><\/span><span class=\"cpel-switcher__code\">VI<\/span><\/a><\/li><\/ul><\/nav>\t\t\t\t<\/div>\n\t\t\t\t<\/div>\n\t\t\t\t<div class=\"elementor-element elementor-element-23ed20dc elementor-widget__width-inherit elementor-align-left elementor-widget elementor-widget-button\" data-id=\"23ed20dc\" data-element_type=\"widget\" data-widget_type=\"button.default\">\n\t\t\t\t\t\t\t\t\t\t<a class=\"elementor-button elementor-button-link elementor-size-sm\" href=\"\/?page_id=102%20\">\n\t\t\t\t\t\t<span class=\"elementor-button-content-wrapper\">\n\t\t\t\t\t\t\t\t\t<span class=\"elementor-button-text\">Trang ch\u1ee7 <\/span>\n\t\t\t\t\t<\/span>\n\t\t\t\t\t<\/a>\n\t\t\t\t\t\t\t\t<\/div>\n\t\t\t\t<\/div>\n\t\t<div class=\"elementor-element elementor-element-E4sDnYd e-flex e-con-boxed e-con e-parent\" data-id=\"E4sDnYd\" data-element_type=\"container\">\n\t\t\t\t\t<div class=\"e-con-inner\">\n\t\t<div class=\"elementor-element elementor-element-GsqYKqn e-con-full e-flex e-con e-child\" data-id=\"GsqYKqn\" data-element_type=\"container\">\n\t\t\t\t<div class=\"elementor-element elementor-element-1GcmInG elementor-absolute elementor-widget elementor-widget-heading\" data-id=\"1GcmInG\" data-element_type=\"widget\" data-settings=\"{&quot;_position&quot;:&quot;absolute&quot;}\" data-widget_type=\"heading.default\">\n\t\t\t\t\t<h6 class=\"elementor-heading-title elementor-size-default\">Trung t\u00e2m hi\u1ec7n c\u00f3 09 c\u00e1n b\u1ed9<\/h6>\t\t\t\t<\/div>\n\t\t\t\t<div class=\"elementor-element elementor-element-OAbue7e elementor-absolute elementor-widget elementor-widget-text-editor\" data-id=\"OAbue7e\" data-element_type=\"widget\" data-settings=\"{&quot;_position&quot;:&quot;absolute&quot;}\" data-widget_type=\"text-editor.default\">\n\t\t\t\t\t\t\t\t\t<h6>&#8211; C\u01a1 c\u1ea5u theo tr\u00ecnh \u0111\u1ed9 chuy\u00ean m\u00f4n:<\/h6><h6>\u00a0\u00a0\u00a0\u00a0\u00a0\u00a0\u00a0 Gi\u00e1o s\u01b0, Ph\u00f3 gi\u00e1o s\u01b0:\u00a0 02<\/h6><h6>\u00a0\u00a0\u00a0\u00a0\u00a0\u00a0\u00a0 Ti\u1ebfn s\u0129:\u00a0 \u00a0 \u00a0 \u00a0 \u00a0 \u00a004<\/h6><h6>\u00a0\u00a0\u00a0\u00a0\u00a0\u00a0\u00a0 Th\u1ea1c s\u0129:\u00a0 \u00a0 \u00a0 \u00a0 \u00a0 03<\/h6><h6>&#8211; Nh\u00f3m nghi\u00ean c\u1ee9u:<\/h6><h6>\u00a0\u00a0\u00a0\u00a0\u00a0 \u00a0 + Nh\u00f3m nghi\u00ean c\u1ee9u l\u00fd thuy\u1ebft h\u1ea1t nh\u00e2n v\u00e0 v\u1eadt l\u00fd h\u1ea1t nh\u00e2n thi\u00ean v\u0103n<\/h6><h6>\u00a0\u00a0\u00a0\u00a0\u00a0\u00a0\u00a0\u00a0+\u00a0Nh\u00f3m nghi\u00ean c\u1ee9u v\u1eadt l\u00fd h\u1ea1t nh\u00e2n th\u1ef1c nghi\u1ec7m v\u00e0 c\u00e1c ph\u01b0\u01a1ng ph\u00e1p m\u00f4 ph\u1ecfng trong v\u1eadt l\u00fd h\u1ea1t nh\u00e2n\u00a0<\/h6>\t\t\t\t\t\t\t\t<\/div>\n\t\t\t\t<div class=\"elementor-element elementor-element-UNE2qtn elementor-widget__width-initial elementor-absolute elementor-icon-list--layout-traditional elementor-list-item-link-full_width elementor-widget elementor-widget-icon-list\" data-id=\"UNE2qtn\" data-element_type=\"widget\" data-settings=\"{&quot;_position&quot;:&quot;absolute&quot;}\" data-widget_type=\"icon-list.default\">\n\t\t\t\t\t\t\t<ul class=\"elementor-icon-list-items\">\n\t\t\t\t\t\t\t<li class=\"elementor-icon-list-item\">\n\t\t\t\t\t\t\t\t\t\t\t<a href=\"#\">\n\n\t\t\t\t\t\t\t\t\t\t\t\t<span class=\"elementor-icon-list-icon\">\n\t\t\t\t\t\t\t<svg aria-hidden=\"true\" class=\"e-font-icon-svg e-fas-phone\" viewBox=\"0 0 512 512\" xmlns=\"http:\/\/www.w3.org\/2000\/svg\"><path d=\"M493.4 24.6l-104-24c-11.3-2.6-22.9 3.3-27.5 13.9l-48 112c-4.2 9.8-1.4 21.3 6.9 28l60.6 49.6c-36 76.7-98.9 140.5-177.2 177.2l-49.6-60.6c-6.8-8.3-18.2-11.1-28-6.9l-112 48C3.9 366.5-2 378.1.6 389.4l24 104C27.1 504.2 36.7 512 48 512c256.1 0 464-207.5 464-464 0-11.2-7.7-20.9-18.6-23.4z\"><\/path><\/svg>\t\t\t\t\t\t<\/span>\n\t\t\t\t\t\t\t\t\t\t<span class=\"elementor-icon-list-text\">(+84 )0902289181<\/span>\n\t\t\t\t\t\t\t\t\t\t\t<\/a>\n\t\t\t\t\t\t\t\t\t<\/li>\n\t\t\t\t\t\t\t\t<li class=\"elementor-icon-list-item\">\n\t\t\t\t\t\t\t\t\t\t\t<a href=\"#\">\n\n\t\t\t\t\t\t\t\t\t\t\t\t<span class=\"elementor-icon-list-icon\">\n\t\t\t\t\t\t\t<svg aria-hidden=\"true\" class=\"e-font-icon-svg e-fas-envelope\" viewBox=\"0 0 512 512\" xmlns=\"http:\/\/www.w3.org\/2000\/svg\"><path d=\"M502.3 190.8c3.9-3.1 9.7-.2 9.7 4.7V400c0 26.5-21.5 48-48 48H48c-26.5 0-48-21.5-48-48V195.6c0-5 5.7-7.8 9.7-4.7 22.4 17.4 52.1 39.5 154.1 113.6 21.1 15.4 56.7 47.8 92.2 47.6 35.7.3 72-32.8 92.3-47.6 102-74.1 131.6-96.3 154-113.7zM256 320c23.2.4 56.6-29.2 73.4-41.4 132.7-96.3 142.8-104.7 173.4-128.7 5.8-4.5 9.2-11.5 9.2-18.9v-19c0-26.5-21.5-48-48-48H48C21.5 64 0 85.5 0 112v19c0 7.4 3.4 14.3 9.2 18.9 30.6 23.9 40.7 32.4 173.4 128.7 16.8 12.2 50.2 41.8 73.4 41.4z\"><\/path><\/svg>\t\t\t\t\t\t<\/span>\n\t\t\t\t\t\t\t\t\t\t<span class=\"elementor-icon-list-text\">inpc@gmail.com<\/span>\n\t\t\t\t\t\t\t\t\t\t\t<\/a>\n\t\t\t\t\t\t\t\t\t<\/li>\n\t\t\t\t\t\t\t\t<li class=\"elementor-icon-list-item\">\n\t\t\t\t\t\t\t\t\t\t\t<a href=\"#\">\n\n\t\t\t\t\t\t\t\t\t\t\t\t<span class=\"elementor-icon-list-icon\">\n\t\t\t\t\t\t\t<svg aria-hidden=\"true\" class=\"e-font-icon-svg e-fas-map-marker-alt\" viewBox=\"0 0 384 512\" xmlns=\"http:\/\/www.w3.org\/2000\/svg\"><path d=\"M172.268 501.67C26.97 291.031 0 269.413 0 192 0 85.961 85.961 0 192 0s192 85.961 192 192c0 77.413-26.97 99.031-172.268 309.67-9.535 13.774-29.93 13.773-39.464 0zM192 272c44.183 0 80-35.817 80-80s-35.817-80-80-80-80 35.817-80 80 35.817 80 80 80z\"><\/path><\/svg>\t\t\t\t\t\t<\/span>\n\t\t\t\t\t\t\t\t\t\t<span class=\"elementor-icon-list-text\">179 Ho\u00e0ng Qu\u1ed1c Vi\u1ec7t, Ph\u01b0\u1eddng Ngh\u0129a \u0110\u00f4, H\u00e0 N\u1ed9i, Vi\u1ec7t Nam<\/span>\n\t\t\t\t\t\t\t\t\t\t\t<\/a>\n\t\t\t\t\t\t\t\t\t<\/li>\n\t\t\t\t\t\t<\/ul>\n\t\t\t\t\t\t<\/div>\n\t\t\t\t<\/div>\n\t\t<div class=\"elementor-element elementor-element-8n8xelZ e-con-full e-flex e-con e-child\" data-id=\"8n8xelZ\" data-element_type=\"container\">\n\t\t<div class=\"elementor-element elementor-element-pymL3qQ e-con-full e-flex e-con e-child\" data-id=\"pymL3qQ\" data-element_type=\"container\">\n\t\t\t\t<\/div>\n\t\t\t\t<\/div>\n\t\t\t\t\t<\/div>\n\t\t\t\t<\/div>\n\t\t\t\t<\/div>\n\t\t","protected":false},"excerpt":{"rendered":"<p>EN VI Trang ch\u1ee7 Trung t\u00e2m hi\u1ec7n c\u00f3 09 c\u00e1n b\u1ed9 &#8211; C\u01a1 c\u1ea5u theo tr\u00ecnh \u0111\u1ed9 chuy\u00ean m\u00f4n: \u00a0\u00a0\u00a0\u00a0\u00a0\u00a0\u00a0 Gi\u00e1o s\u01b0, Ph\u00f3 gi\u00e1o s\u01b0:\u00a0 02 \u00a0\u00a0\u00a0\u00a0\u00a0\u00a0\u00a0 Ti\u1ebfn s\u0129:\u00a0 \u00a0 \u00a0 \u00a0 \u00a0 \u00a004 \u00a0\u00a0\u00a0\u00a0\u00a0\u00a0\u00a0 Th\u1ea1c s\u0129:\u00a0 \u00a0 \u00a0 \u00a0 \u00a0 03 &#8211; Nh\u00f3m nghi\u00ean c\u1ee9u: \u00a0\u00a0\u00a0\u00a0\u00a0 \u00a0 + Nh\u00f3m nghi\u00ean c\u1ee9u l\u00fd thuy\u1ebft h\u1ea1t [&hellip;]<\/p>\n","protected":false},"author":1,"featured_media":0,"parent":0,"menu_order":0,"comment_status":"closed","ping_status":"closed","template":"","meta":{"footnotes":""},"class_list":["post-177","page","type-page","status-publish","hentry"],"_links":{"self":[{"href":"https:\/\/inpc.com.vn\/index.php?rest_route=\/wp\/v2\/pages\/177","targetHints":{"allow":["GET"]}}],"collection":[{"href":"https:\/\/inpc.com.vn\/index.php?rest_route=\/wp\/v2\/pages"}],"about":[{"href":"https:\/\/inpc.com.vn\/index.php?rest_route=\/wp\/v2\/types\/page"}],"author":[{"embeddable":true,"href":"https:\/\/inpc.com.vn\/index.php?rest_route=\/wp\/v2\/users\/1"}],"replies":[{"embeddable":true,"href":"https:\/\/inpc.com.vn\/index.php?rest_route=%2Fwp%2Fv2%2Fcomments&post=177"}],"version-history":[{"count":79,"href":"https:\/\/inpc.com.vn\/index.php?rest_route=\/wp\/v2\/pages\/177\/revisions"}],"predecessor-version":[{"id":464,"href":"https:\/\/inpc.com.vn\/index.php?rest_route=\/wp\/v2\/pages\/177\/revisions\/464"}],"wp:attachment":[{"href":"https:\/\/inpc.com.vn\/index.php?rest_route=%2Fwp%2Fv2%2Fmedia&parent=177"}],"curies":[{"name":"wp","href":"https:\/\/api.w.org\/{rel}","templated":true}]}}