{"id":122,"date":"2026-01-22T08:56:13","date_gmt":"2026-01-22T08:56:13","guid":{"rendered":"https:\/\/inpc.com.vn\/?page_id=122"},"modified":"2026-03-10T03:00:04","modified_gmt":"2026-03-10T03:00:04","slug":"ban-mau","status":"publish","type":"page","link":"https:\/\/inpc.com.vn\/?page_id=122&lang=vi","title":{"rendered":"Gioi thieu"},"content":{"rendered":"\t\t<div data-elementor-type=\"wp-page\" data-elementor-id=\"122\" class=\"elementor elementor-122\">\n\t\t\t\t<div class=\"elementor-element elementor-element-26760bb e-flex e-con-boxed e-con e-parent\" data-id=\"26760bb\" data-element_type=\"container\">\n\t\t\t\t\t<div class=\"e-con-inner\">\n\t\t\t\t<div class=\"elementor-element elementor-element-5a2a6476 cpel-switcher--align-right cpel-switcher--layout-horizontal cpel-switcher--aspect-ratio-43 elementor-widget elementor-widget-polylang-language-switcher\" data-id=\"5a2a6476\" data-element_type=\"widget\" data-widget_type=\"polylang-language-switcher.default\">\n\t\t\t\t<div class=\"elementor-widget-container\">\n\t\t\t\t\t<nav class=\"cpel-switcher__nav\"><ul class=\"cpel-switcher__list\"><li class=\"cpel-switcher__lang\"><a lang=\"en-GB\" hreflang=\"en-GB\" href=\"https:\/\/inpc.com.vn\/?page_id=113\"><span class=\"cpel-switcher__flag cpel-switcher__flag--gb\"><img decoding=\"async\" src=\"data:image\/svg+xml;base64,PHN2ZyB3aWR0aD0iMjEiIGhlaWdodD0iMTUiIHhtbG5zPSJodHRwOi8vd3d3LnczLm9yZy8yMDAwL3N2ZyI+PGRlZnM+PGxpbmVhckdyYWRpZW50IHgxPSI1MCUiIHkxPSIwJSIgeDI9IjUwJSIgeTI9IjEwMCUiIGlkPSJhIj48c3RvcCBzdG9wLWNvbG9yPSIjRkZGIiBvZmZzZXQ9IjAlIi8+PHN0b3Agc3RvcC1jb2xvcj0iI0YwRjBGMCIgb2Zmc2V0PSIxMDAlIi8+PC9saW5lYXJHcmFkaWVudD48bGluZWFyR3JhZGllbnQgeDE9IjUwJSIgeTE9IjAlIiB4Mj0iNTAlIiB5Mj0iMTAwJSIgaWQ9ImIiPjxzdG9wIHN0b3AtY29sb3I9IiMwQTE3QTciIG9mZnNldD0iMCUiLz48c3RvcCBzdG9wLWNvbG9yPSIjMDMwRTg4IiBvZmZzZXQ9IjEwMCUiLz48L2xpbmVhckdyYWRpZW50PjxsaW5lYXJHcmFkaWVudCB4MT0iNTAlIiB5MT0iMCUiIHgyPSI1MCUiIHkyPSIxMDAlIiBpZD0iYyI+PHN0b3Agc3RvcC1jb2xvcj0iI0U2MjczRSIgb2Zmc2V0PSIwJSIvPjxzdG9wIHN0b3AtY29sb3I9IiNDRjE1MkIiIG9mZnNldD0iMTAwJSIvPjwvbGluZWFyR3JhZGllbnQ+PC9kZWZzPjxnIGZpbGw9Im5vbmUiIGZpbGwtcnVsZT0iZXZlbm9kZCI+PHBhdGggZmlsbD0idXJsKCNhKSIgZD0iTTAgMGgyMXYxNUgweiIvPjxwYXRoIGZpbGw9InVybCgjYikiIGQ9Ik0tLjAwMiAwaDIxdjE1aC0yMXoiLz48cGF0aCBkPSJNNS4wMDMgMTBILS4wMDJWNWg1LjAwNUwtMi4wODIuMjJsMS4xMTgtMS42NTcgOC45NjIgNi4wNDVWLTFoNXY1LjYwOGw4Ljk2Mi02LjA0NUwyMy4wNzguMjIgMTUuOTkzIDVoNS4wMDV2NWgtNS4wMDVsNy4wODUgNC43OC0xLjExOCAxLjY1Ny04Ljk2Mi02LjA0NVYxNmgtNXYtNS42MDhsLTguOTYyIDYuMDQ1LTEuMTE4LTEuNjU4TDUuMDAzIDEweiIgZmlsbD0idXJsKCNhKSIvPjxwYXRoIGQ9Ik0xNC4xMzYgNC45NThsOS41LTYuMjVhLjI1LjI1IDAgMDAtLjI3NS0uNDE3bC05LjUgNi4yNWEuMjUuMjUgMCAxMC4yNzUuNDE3em0uNzMyIDUuNTIybDguNTE1IDUuNzRhLjI1LjI1IDAgMTAuMjgtLjQxNWwtOC41MTYtNS43NGEuMjUuMjUgMCAwMC0uMjc5LjQxNXpNNi4xNDIgNC41MjZMLTIuNzQtMS40NjFhLjI1LjI1IDAgMDAtLjI4LjQxNUw1Ljg2MyA0Ljk0YS4yNS4yNSAwIDAwLjI3OS0uNDE0em0uNjg1IDUuNDY5bC05Ljg0NSA2LjUzYS4yNS4yNSAwIDEwLjI3Ni40MTZsOS44NDYtNi41MjlhLjI1LjI1IDAgMDAtLjI3Ny0uNDE3eiIgZmlsbD0iI0RCMUYzNSIgZmlsbC1ydWxlPSJub256ZXJvIi8+PHBhdGggZmlsbD0idXJsKCNjKSIgZD0iTS0uMDAyIDloOXY2aDNWOWg5VjZoLTlWMGgtM3Y2aC05eiIvPjwvZz48L3N2Zz4=\" alt=\"English\" \/><\/span><span class=\"cpel-switcher__code\">EN<\/span><\/a><\/li><li class=\"cpel-switcher__lang\"><a lang=\"vi\" hreflang=\"vi\" href=\"https:\/\/inpc.com.vn\/?page_id=122&#038;lang=vi\"><span class=\"cpel-switcher__flag cpel-switcher__flag--vn\"><img decoding=\"async\" src=\"data:image\/svg+xml;base64,PHN2ZyB3aWR0aD0iMjEiIGhlaWdodD0iMTUiIHhtbG5zPSJodHRwOi8vd3d3LnczLm9yZy8yMDAwL3N2ZyI+PGRlZnM+PGxpbmVhckdyYWRpZW50IHgxPSI1MCUiIHkxPSIwJSIgeDI9IjUwJSIgeTI9IjEwMCUiIGlkPSJhIj48c3RvcCBzdG9wLWNvbG9yPSIjRkZGIiBvZmZzZXQ9IjAlIi8+PHN0b3Agc3RvcC1jb2xvcj0iI0YwRjBGMCIgb2Zmc2V0PSIxMDAlIi8+PC9saW5lYXJHcmFkaWVudD48bGluZWFyR3JhZGllbnQgeDE9IjUwJSIgeTE9IjAlIiB4Mj0iNTAlIiB5Mj0iMTAwJSIgaWQ9ImIiPjxzdG9wIHN0b3AtY29sb3I9IiNFQTQwM0YiIG9mZnNldD0iMCUiLz48c3RvcCBzdG9wLWNvbG9yPSIjRDgyODI3IiBvZmZzZXQ9IjEwMCUiLz48L2xpbmVhckdyYWRpZW50PjxsaW5lYXJHcmFkaWVudCB4MT0iNTAlIiB5MT0iMCUiIHgyPSI1MCUiIHkyPSIxMDAlIiBpZD0iYyI+PHN0b3Agc3RvcC1jb2xvcj0iI0ZGRkU0RSIgb2Zmc2V0PSIwJSIvPjxzdG9wIHN0b3AtY29sb3I9IiNGRkZFMzgiIG9mZnNldD0iMTAwJSIvPjwvbGluZWFyR3JhZGllbnQ+PC9kZWZzPjxnIGZpbGw9Im5vbmUiIGZpbGwtcnVsZT0iZXZlbm9kZCI+PHBhdGggZmlsbD0idXJsKCNhKSIgZD0iTTAgMGgyMXYxNUgweiIvPjxwYXRoIGZpbGw9InVybCgjYikiIGQ9Ik0wIDBoMjF2MTVIMHoiLz48cGF0aCBmaWxsPSJ1cmwoI2MpIiBkPSJNMTAuNSA5LjI1NWwtMi42NDUgMS44ODYuOTc2LTMuMDk5TDYuMjIgNi4xMWwzLjI0Ny0uMDI5TDEwLjUgM2wxLjAzMiAzLjA4IDMuMjQ4LjAzLTIuNjEgMS45MzIuOTc1IDMuMDk5eiIvPjwvZz48L3N2Zz4=\" alt=\"Ti\u1ebfng Vi\u1ec7t\" \/><\/span><span class=\"cpel-switcher__code\">VI<\/span><\/a><\/li><\/ul><\/nav>\t\t\t\t<\/div>\n\t\t\t\t<\/div>\n\t\t\t\t<div class=\"elementor-element elementor-element-59ec6ffc elementor-button-success elementor-widget__width-auto elementor-absolute elementor-widget elementor-widget-button\" data-id=\"59ec6ffc\" data-element_type=\"widget\" data-settings=\"{&quot;_position&quot;:&quot;absolute&quot;}\" data-widget_type=\"button.default\">\n\t\t\t\t\t\t\t\t\t\t<a class=\"elementor-button elementor-button-link elementor-size-sm\" href=\"\/?page_id=102\">\n\t\t\t\t\t\t<span class=\"elementor-button-content-wrapper\">\n\t\t\t\t\t\t\t\t\t<span class=\"elementor-button-text\">Trang ch\u1ee7<\/span>\n\t\t\t\t\t<\/span>\n\t\t\t\t\t<\/a>\n\t\t\t\t\t\t\t\t<\/div>\n\t\t\t\t<div class=\"elementor-element elementor-element-7231135 elementor-widget elementor-widget-text-editor\" data-id=\"7231135\" data-element_type=\"widget\" data-widget_type=\"text-editor.default\">\n\t\t\t\t\t\t\t\t\t<p><strong>Ch\u1ee9c n\u0103ng v\u00e0 nhi\u1ec7m v\u1ee5<\/strong><\/p><p>Trung t\u00e2m V\u1eadt l\u00fd h\u1ea1t nh\u00e2n c\u00f3 ch\u1ee9c n\u0103ng nghi\u00ean c\u1ee9u khoa h\u1ecdc v\u1ec1 v\u1eadt l\u00fd h\u1ea1t nh\u00e2n c\u01a1 b\u1ea3n; \u1ee9ng d\u1ee5ng c\u00e1c ph\u01b0\u01a1ng ph\u00e1p t\u00ednh to\u00e1n m\u00f4 ph\u1ecfng ph\u1ee5c v\u1ee5 nghi\u00ean c\u1ee9u c\u01a1 b\u1ea3n v\u00e0 \u1ee9ng d\u1ee5ng b\u1ee9c x\u1ea1 h\u1ea1t nh\u00e2n. C\u00e1c nhi\u1ec7m v\u1ee5 ch\u00ednh bao g\u1ed3m:\u00a0 \u00a0 \u00a0 \u00a0<\/p><p>&#8211;\u00a0Nghi\u00ean c\u1ee9u v\u1eadt l\u00fd h\u1ea1t nh\u00e2n l\u00fd thuy\u1ebft v\u00e0\u00a0th\u1ef1c nghi\u1ec7m;<\/p><p>&#8211;\u00a0Nghi\u00ean c\u1ee9u v\u1eadt l\u00fd n\u01a1tron l\u00fd thuy\u1ebft v\u00e0 th\u1ef1c nghi\u1ec7m;<\/p><p>&#8211;\u00a0Ph\u00e2n t\u00edch v\u00e0 x\u1eed l\u00fd s\u1ed1 li\u1ec7u th\u1ef1c nghi\u1ec7m c\u1ee7a v\u1eadt l\u00fd h\u1ea1t nh\u00e2n v\u00e0 v\u1eadt l\u00fd n\u01a1tron.<\/p><p>&#8211;\u00a0M\u00f4 ph\u1ecfng v\u00e0 thi\u1ebft l\u1eadp c\u00e1c th\u00ed nghi\u1ec7m ph\u1ea3n \u1ee9ng h\u1ea1t nh\u00e2n v\u00e0 \u1ee9ng d\u1ee5ng h\u1ea1t nh\u00e2n.<\/p><p>&#8211;\u00a0Nghi\u00ean c\u1ee9u \u1ee9ng d\u1ee5ng c\u00e1c ph\u01b0\u01a1ng ph\u00e1p t\u00ednh to\u00e1n, m\u00f4 ph\u1ecfng ph\u1ee5c v\u1ee5 nghi\u00ean c\u1ee9u c\u01a1 b\u1ea3n v\u00e0 \u1ee9ng d\u1ee5ng b\u1ee9c x\u1ea1 h\u1ea1t nh\u00e2n;<\/p><p>&#8211; Tham gia c\u00f4ng t\u00e1c \u0111\u00e0o t\u1ea1o v\u00e0 ph\u00e1t tri\u1ec3n ngu\u1ed3n nh\u00e2n l\u1ef1c trong l\u0129nh v\u1ef1c khoa h\u1ecdc v\u00e0 c\u00f4ng ngh\u1ec7 h\u1ea1t nh\u00e2n;<\/p><p>&#8211; Th\u1ef1c hi\u1ec7n c\u00e1c nhi\u1ec7m v\u1ee5 kh\u00e1c do L\u00e3nh \u0111\u1ea1o Vi\u1ec7n Khoa h\u1ecdc v\u00e0 K\u1ef9 thu\u1eadt h\u1ea1t nh\u00e2n giao.<\/p>\t\t\t\t\t\t\t\t<\/div>\n\t\t\t\t\t<\/div>\n\t\t\t\t<\/div>\n\t\t<div class=\"elementor-element elementor-element-3e594871 e-grid e-con-boxed e-con e-parent\" data-id=\"3e594871\" data-element_type=\"container\" data-settings=\"{&quot;background_background&quot;:&quot;gradient&quot;,&quot;shape_divider_top&quot;:&quot;curve&quot;}\">\n\t\t\t\t\t<div class=\"e-con-inner\">\n\t\t\t\t<div class=\"elementor-shape elementor-shape-top\" aria-hidden=\"true\" data-negative=\"false\">\n\t\t\t<svg xmlns=\"http:\/\/www.w3.org\/2000\/svg\" viewBox=\"0 0 1000 100\" preserveAspectRatio=\"none\">\n    <path class=\"elementor-shape-fill\" d=\"M1000,4.3V0H0v4.3C0.9,23.1,126.7,99.2,500,100S1000,22.7,1000,4.3z\"\/>\n<\/svg>\t\t<\/div>\n\t\t\t\t\t<\/div>\n\t\t\t\t<\/div>\n\t\t<div class=\"elementor-element elementor-element-3eccc16 e-flex e-con-boxed e-con e-parent\" data-id=\"3eccc16\" data-element_type=\"container\">\n\t\t\t\t\t<div class=\"e-con-inner\">\n\t\t\t\t\t<\/div>\n\t\t\t\t<\/div>\n\t\t\t\t<\/div>\n\t\t","protected":false},"excerpt":{"rendered":"<p>EN VI Trang ch\u1ee7 Ch\u1ee9c n\u0103ng v\u00e0 nhi\u1ec7m v\u1ee5 Trung t\u00e2m V\u1eadt l\u00fd h\u1ea1t nh\u00e2n c\u00f3 ch\u1ee9c n\u0103ng nghi\u00ean c\u1ee9u khoa h\u1ecdc v\u1ec1 v\u1eadt l\u00fd h\u1ea1t nh\u00e2n c\u01a1 b\u1ea3n; \u1ee9ng d\u1ee5ng c\u00e1c ph\u01b0\u01a1ng ph\u00e1p t\u00ednh to\u00e1n m\u00f4 ph\u1ecfng ph\u1ee5c v\u1ee5 nghi\u00ean c\u1ee9u c\u01a1 b\u1ea3n v\u00e0 \u1ee9ng d\u1ee5ng b\u1ee9c x\u1ea1 h\u1ea1t nh\u00e2n. C\u00e1c nhi\u1ec7m v\u1ee5 ch\u00ednh [&hellip;]<\/p>\n","protected":false},"author":1,"featured_media":0,"parent":0,"menu_order":0,"comment_status":"closed","ping_status":"closed","template":"","meta":{"footnotes":""},"class_list":["post-122","page","type-page","status-publish","hentry"],"_links":{"self":[{"href":"https:\/\/inpc.com.vn\/index.php?rest_route=\/wp\/v2\/pages\/122","targetHints":{"allow":["GET"]}}],"collection":[{"href":"https:\/\/inpc.com.vn\/index.php?rest_route=\/wp\/v2\/pages"}],"about":[{"href":"https:\/\/inpc.com.vn\/index.php?rest_route=\/wp\/v2\/types\/page"}],"author":[{"embeddable":true,"href":"https:\/\/inpc.com.vn\/index.php?rest_route=\/wp\/v2\/users\/1"}],"replies":[{"embeddable":true,"href":"https:\/\/inpc.com.vn\/index.php?rest_route=%2Fwp%2Fv2%2Fcomments&post=122"}],"version-history":[{"count":50,"href":"https:\/\/inpc.com.vn\/index.php?rest_route=\/wp\/v2\/pages\/122\/revisions"}],"predecessor-version":[{"id":513,"href":"https:\/\/inpc.com.vn\/index.php?rest_route=\/wp\/v2\/pages\/122\/revisions\/513"}],"wp:attachment":[{"href":"https:\/\/inpc.com.vn\/index.php?rest_route=%2Fwp%2Fv2%2Fmedia&parent=122"}],"curies":[{"name":"wp","href":"https:\/\/api.w.org\/{rel}","templated":true}]}}